{"id":630,"date":"2024-09-17T02:35:00","date_gmt":"2024-09-17T06:35:00","guid":{"rendered":"https:\/\/puentesintergeneracionales.org\/wp\/?page_id=630"},"modified":"2024-09-23T09:34:34","modified_gmt":"2024-09-23T13:34:34","slug":"aula-60-y-2","status":"publish","type":"page","link":"https:\/\/puentesintergeneracionales.org\/wp\/aula-60-y-2\/","title":{"rendered":"AULA 60 Y +"},"content":{"rendered":"\n\n\n\n<h2 [object NamedNodeMap]><\/h2>\n\n\n<h2><br><\/h2>\n\n\n<h2>AULA 60 Y +<\/h2>\n\n\n<h2><\/h2>&nbsp;\n\n<p><span class=\"MsoIntenseReference\" style=\"color: rgb(68, 68, 68); font-size: large; font-family: &quot;Open Sans&quot;;\">Aula 60 y&nbsp; +&nbsp;ofrece formaci\u00f3n en diferentes disciplinas del conocimiento (arte, historia, ciencias ambientales, filosof\u00eda, literatura, urbanismo, etc) en programas&nbsp;de 3 meses de duraci\u00f3n y en colaboraci\u00f3n con las instituciones de educaci\u00f3n&nbsp;superior de la Regi\u00f3n del Biobio.&nbsp;<\/span><\/p>\n\n\n\n\n\n\n\n<p><span class=\"MsoIntenseReference\" style=\"color: rgb(68, 68, 68); font-size: large; font-family: &quot;Open Sans&quot;;\">Aula 60 y + es un Programa caracterizado por tres enfoques:<\/span><\/p>\n\n\n<p><\/p><ul><li><span class=\"MsoIntenseReference\" style=\"color: rgb(68, 68, 68); font-size: large; font-family: &quot;Open Sans&quot;;\"><strong>\n\nInclusi\u00f3n sociaI.<\/strong> Integrar\u00e1 a las\npersonas mayores a una de las dimensiones principales de inclusi\u00f3n social de\nuna persona que es la educaci\u00f3n. <\/span><\/li><\/ul><p><font color=\"#444444\" face=\"Open Sans\" size=\"4\"><br><\/font><\/p><p><\/p>\n\n<p><\/p><ul><li><span class=\"MsoIntenseReference\" style=\"color: rgb(68, 68, 68); font-size: large; font-family: &quot;Open Sans&quot;;\"><strong>Intercultural.<\/strong> Velar\u00e1 porque participen mayores\nprocedentes de pueblos originarios y de pueblos y culturas de fuera de Chile, de\nciudades como de comunas peque\u00f1as.<\/span><\/li><\/ul><span style=\"color: rgb(68, 68, 68); font-family: &quot;Open Sans&quot;; font-size: large;\">Abriendo la oportunidad de\nimpartir clase a docentes y a estudiantes internacionales de postgrado.&nbsp; &nbsp; &nbsp; &nbsp; &nbsp; &nbsp; &nbsp; &nbsp; &nbsp; &nbsp; &nbsp; &nbsp; &nbsp; &nbsp; &nbsp; &nbsp; &nbsp; &nbsp; &nbsp; &nbsp;<\/span>\n\n\n<p><ul><li><span class=\"MsoIntenseReference\" style=\"color: rgb(68, 68, 68); font-size: large; font-family: &quot;Open Sans&quot;;\"><strong>Intergeneracional.&nbsp;<\/strong> El Programa Aula\n60 y + velar\u00e1 por garantizar los espacios de aprendizaje, de convivencia y de\nrelacionamiento entre j\u00f3venes y mayores a trav\u00e9s de mecanismos como:\n<\/span><\/li><\/ul><\/p>\n\n\n<p><span class=\"MsoIntenseReference\" style=\"color: rgb(68, 68, 68); font-size: large; font-family: &quot;Open Sans&quot;;\">&#8211; Una parte de docentes ser\u00e1n j\u00f3venes<br>reclutados entre estudiantes de postgrado.<\/span><\/p>\n\n\n<p><span class=\"MsoIntenseReference\" style=\"color: rgb(68, 68, 68); font-size: large; font-family: &quot;Open Sans&quot;;\">&#8211; Cada estudiante de Aula 60 y + contar\u00e1<br>con un tutor digital a lo largo del curso.<\/span><\/p>\n\n\n\n\n<p>Lorem Ipsum has been the industry&#8217;s standard dummy text ever since the 1500s.<\/p>\n\n\n<p><br><\/p>\n\n\n<p><br><\/p>\n\n\n<p><br><\/p>\n\n\n<p><br><\/p>\n\n\n\n\n\n\n<p>Lorem Ipsum has been the industry&#8217;s standard dummy text ever since the 1500s.<\/p>\n\n\n\n\n<h2>Objetivos<\/h2>\n\n\n\nContribuir a la calidad de vida de las personas mayores de la Regi\u00f3n del Biob\u00edo y de \u00d1uble a trav\u00e9s de una experiencia educativa.\n\n\nContribuir al envejecimiento activo, saludable y positivo para que las personas sean autovalentes e integradas en diferentes \u00e1mbitos de la sociedad.\n\n\nMejorar el bienestar subjetivo de mayores.\n\n\nAumentar las relaciones interpersonales\n\n\nAumentar las relaciones intergeneracionales\n\n\nDesarrollar o actualizar competencias\n\n\n\n\n\n\n\n\n\n<p><span style=\"font-size:x-large;\"><strong>Inicio del Programa:<\/strong><\/span> <\/p>\n\n\n<p [object NamedNodeMap]><strong>Postulaciones: diciembre 2024. Fecha de inicio: marzo 2025.<\/strong><\/p>\n\n\n\n\n\n\n\n\n\n\n<p class=\"MsoNormal\" style=\"margin-left:36.0pt;mso-add-space:auto\"><p><\/p><\/p><span style=\"font-size:large;\"><p class=\"MsoNormal\" style=\"margin-left:36.0pt;mso-add-space:auto\"><\/p><p><br><\/p><p><\/p><span style=\"\"><p class=\"MsoNormal\" style=\"margin-left:36.0pt;mso-add-space:auto\"><\/p><\/span><ul><li><span style=\"font-size:large;\"><span style=\"font-family: Calibri, sans-serif;\">Sin requisitos\ncurriculares, sin pruebas de admisi\u00f3n.<\/span><\/span><\/li><\/ul><span style=\"font-family: Calibri, sans-serif;\">&nbsp;<\/span><span style=\"\"><br><ul><li><span style=\"font-size:large;\"><span style=\"font-family: Calibri, sans-serif;\">Tener 60 a\u00f1os cumplidos y no estar trabajando.<\/span><\/span><\/li><\/ul><\/span><span style=\"font-family: Calibri, sans-serif;\">&nbsp;<\/span><span style=\"\"><br><\/span><span style=\"font-family: Calibri, sans-serif;\">Postulaci\u00f3n\nv\u00eda internet. Si necesita ayuda para postular por internet una persona\nvoluntaria de la Fundaci\u00f3n puede asistirle. Contactar v\u00eda whatsapp&nbsp; o celular + 56 992198949&nbsp;<\/span><span style=\"\"><br><p><\/p><p class=\"MsoNormal\" style=\"margin-top:0cm;margin-right:0cm;margin-bottom:0cm;\nmargin-left:36.0pt;mso-add-space:auto\"><\/p><p><\/p><\/span><p><span lang=\"ES\" style=\"line-height: 107%; font-family: Calibri, sans-serif;\">&nbsp;<\/span><\/p><\/span><p><span lang=\"ES\" style=\"font-size:11.0pt;line-height:107%;font-family:&quot;Calibri&quot;,sans-serif;\nmso-fareast-font-family:Calibri;mso-bidi-font-family:&quot;Times New Roman&quot;;\nmso-ansi-language:ES;mso-fareast-language:EN-US;mso-bidi-language:AR-SA\"><\/span><br><\/p>\n\n\n\n\n\n\n\n","protected":false},"excerpt":{"rendered":"","protected":false},"author":1,"featured_media":0,"parent":0,"menu_order":0,"comment_status":"closed","ping_status":"closed","template":"","meta":{"pagelayer_contact_templates":[],"_pagelayer_content":"","footnotes":""},"class_list":["post-630","page","type-page","status-publish","hentry"],"_links":{"self":[{"href":"https:\/\/puentesintergeneracionales.org\/wp\/wp-json\/wp\/v2\/pages\/630","targetHints":{"allow":["GET"]}}],"collection":[{"href":"https:\/\/puentesintergeneracionales.org\/wp\/wp-json\/wp\/v2\/pages"}],"about":[{"href":"https:\/\/puentesintergeneracionales.org\/wp\/wp-json\/wp\/v2\/types\/page"}],"author":[{"embeddable":true,"href":"https:\/\/puentesintergeneracionales.org\/wp\/wp-json\/wp\/v2\/users\/1"}],"replies":[{"embeddable":true,"href":"https:\/\/puentesintergeneracionales.org\/wp\/wp-json\/wp\/v2\/comments?post=630"}],"version-history":[{"count":22,"href":"https:\/\/puentesintergeneracionales.org\/wp\/wp-json\/wp\/v2\/pages\/630\/revisions"}],"predecessor-version":[{"id":952,"href":"https:\/\/puentesintergeneracionales.org\/wp\/wp-json\/wp\/v2\/pages\/630\/revisions\/952"}],"wp:attachment":[{"href":"https:\/\/puentesintergeneracionales.org\/wp\/wp-json\/wp\/v2\/media?parent=630"}],"curies":[{"name":"wp","href":"https:\/\/api.w.org\/{rel}","templated":true}]}}