{"id":39,"date":"2024-07-29T16:13:42","date_gmt":"2024-07-29T20:13:42","guid":{"rendered":"https:\/\/puentesintergeneracionales.org\/wp\/about-us\/"},"modified":"2024-09-23T15:16:56","modified_gmt":"2024-09-23T19:16:56","slug":"about-us","status":"publish","type":"page","link":"https:\/\/puentesintergeneracionales.org\/wp\/about-us\/","title":{"rendered":"\u00bfQui\u00e9nes Somos?"},"content":{"rendered":"\n\n\n<p>Lorem Ipsum has been the industry&#8217;s standard dummy text ever since the 1500s.<\/p>\n\n\n\n\n<h1>\n<\/h1><h1>Nuestro Equipo<\/h1>\n\n\n\n\n<p><span class=\"MsoIntenseReference\" style=\"color: rgb(68, 68, 68); font-size: large; font-family: &quot;Open Sans&quot;;\">La Fundaci\u00f3n Puentes Intergeneracionales nace el a\u00f1o 2024 por iniciativa de un grupo de personas de&nbsp;la ciudad de Concepci\u00f3n, de diferentes edades y mundos profesionales, y con una&nbsp;sensibilidad compartid<span style=\"color:#888888;\"><span style=\"line-height:2.0;\"><\/span><\/span>a hacia las personas mayores particularmente hacia la&nbsp;soledad y el aislamiento social que sufren.&nbsp;<\/span><\/p>\n\n<p><br><\/p>\n\n\n\n\n\n\n\n\n\n\n\n\n\n\n\n\n<p>\t<!-- wpshopmart team builder wrapper -->\r\n\t<div class=\"wpsm_team_2_b_row\" id=\"wpsm_team_2_b_row_254\">\r\n\t\t<div class=\"wpsm_row\">  \r\n\t\t\t<style>\r\n\t\t\t#wpsm_team_2_b_row_254 .wpsm_team_2_member_wrapper_inner h3{\r\n\t\t\t\tcolor:#000000 !important;\r\n\t\t\t\tfont-size:21px !important;\r\n\t\t\t\tfont-family:Open Sans !important;\r\n\t\t\t}\r\n\t\t\t\r\n\t\t\t#wpsm_team_2_b_row_254 .wpsm_team_2_b_desig{\r\n\t\t\t\tcolor:#000000 !important;\r\n\t\t\t\tfont-size:12px !important;\r\n\t\t\t\tfont-family:Open Sans !important;\r\n\t\t\t}\r\n\t\t\t#wpsm_team_2_b_row_254 .wpsm_team_2_b_desc{\r\n\t\t\t\tcolor:#000000 !important;\r\n\t\t\t\tfont-size:16px !important;\r\n\t\t\t\tfont-family:Open Sans !important;\r\n\t\t\t}\r\n\t\t\t#wpsm_team_2_b_row_254 .wpsm_team_2_social_div a i{\r\n\t\t\t\tcolor:#4f4f4f !important;\r\n\t\t\t\tborder-color:#4f4f4f !important;\r\n\t\t\t}\r\n\t\t\t#wpsm_team_2_b_row_254 .wpsm_team_2_member_wrapper{\r\n\t\t\t\tbackground:#ffffff !important;\r\n\t\t\t}\r\n\t\t\t\t\t\t<\/style>\r\n\t\t\t\t\t\t \r\n\t\t\t\t\t\r\n\t\t\t\t\t\r\n\t\t\t\t\t<div class=\"wpsm_col-md-4 wpsm_col-sm-6  wpsm-col-div\">\r\n\t\t\t\t\t\t<div class=\"wpsm_team_2_member_wrapper\">\r\n\t\t\t\t\t\t\t<img decoding=\"async\" class=\"img-responsive wpsm_team_2_mem_img\" src=\"https:\/\/puentesintergeneracionales.org\/wp\/wp-content\/uploads\/2024\/09\/1.png\" alt=\"Mar\u00eda In\u00e9s Picazo Verdejo\">\r\n\t\t\t\t\t\t\t<div class=\"wpsm_team_2_member_wrapper_inner\">\r\n\t\t\t\t\t\t\t\t<h3>\r\n\t\t\t\t\t\t\t\t\tMar\u00eda In\u00e9s Picazo Verdejo\t\t\t\t\t\t\t\t<\/h3>\r\n\t\t\t\t\t\t\t\t<span class=\"wpsm_team_2_b_desig\"> Presidenta. - Polit\u00f3loga. Docente en UdeC - minespicazo@puentesintergeneracionales.org <\/span> \t\t\t\t\t\t\t\t<div class=\"wpsm_team_2_social_div\">\r\n\t\t\t\t\t\t\t\t\t\t\t\t\t\t\t\t\t\t\t\t\t\t\t\t\t\t\t\t\t\t\t\t\t\t\t\t\t\t\t\t\t\t\t\t<\/div>\r\n\t\t\t\t\t\t\t\t<p class=\"wpsm_team_2_b_desc\"> \u201cLa soledad no deseada y el aislamiento no tienen cura en ninguna farmacia, la \u00fanica receta es la compa\u00f1\u00eda de la familia, de amigos y la solidaridad entre j\u00f3venes y mayores como la que promueve nuestra Fundaci\u00f3n\u201d. <\/p> \t\t\t\t\t\t\t\t\r\n\t\t\t\t\t\t\t<\/div>\r\n\t\t\t\t\t\t<\/div>\r\n\t\t\t\t\t<\/div>\r\n\t\t\t\t\t\r\n\t\t\t\t\t\t\t\t\t\t\t\t\t \r\n\t\t\t\t\t\r\n\t\t\t\t\t\r\n\t\t\t\t\t<div class=\"wpsm_col-md-4 wpsm_col-sm-6  wpsm-col-div\">\r\n\t\t\t\t\t\t<div class=\"wpsm_team_2_member_wrapper\">\r\n\t\t\t\t\t\t\t<img decoding=\"async\" class=\"img-responsive wpsm_team_2_mem_img\" src=\"https:\/\/puentesintergeneracionales.org\/wp\/wp-content\/uploads\/2024\/09\/2.png\" alt=\"Paola Farf\u00e1n Fuentes\">\r\n\t\t\t\t\t\t\t<div class=\"wpsm_team_2_member_wrapper_inner\">\r\n\t\t\t\t\t\t\t\t<h3>\r\n\t\t\t\t\t\t\t\t\tPaola Farf\u00e1n Fuentes\t\t\t\t\t\t\t\t<\/h3>\r\n\t\t\t\t\t\t\t\t<span class=\"wpsm_team_2_b_desig\"> Secretaria. - Profesora de Educaci\u00f3n F\u00edsica. - pfarfan@puentesintergeneracionales.org <\/span> \t\t\t\t\t\t\t\t<div class=\"wpsm_team_2_social_div\">\r\n\t\t\t\t\t\t\t\t\t\t\t\t\t\t\t\t\t\t\t\t\t\t\t\t\t\t\t\t\t\t\t\t\t\t\t\t\t\t\t\t\t\t\t\t<\/div>\r\n\t\t\t\t\t\t\t\t<p class=\"wpsm_team_2_b_desc\"> \u201cEl amor y la dedicaci\u00f3n hacia nuestros mayores es \r\n                                                                                        \r\nel reflejo de nuestro esp\u00edritu en colaborar a \r\n                                                                                              \r\nconstruir  una sociedad m\u00e1s inclusiva\u201d.\r\n\r\n\r\n\r\n\r\n <\/p> \t\t\t\t\t\t\t\t\r\n\t\t\t\t\t\t\t<\/div>\r\n\t\t\t\t\t\t<\/div>\r\n\t\t\t\t\t<\/div>\r\n\t\t\t\t\t\r\n\t\t\t\t\t\t\t\t\t\t\t\t\t \r\n\t\t\t\t\t\r\n\t\t\t\t\t\r\n\t\t\t\t\t<div class=\"wpsm_col-md-4 wpsm_col-sm-6  wpsm-col-div\">\r\n\t\t\t\t\t\t<div class=\"wpsm_team_2_member_wrapper\">\r\n\t\t\t\t\t\t\t<img decoding=\"async\" class=\"img-responsive wpsm_team_2_mem_img\" src=\"https:\/\/puentesintergeneracionales.org\/wp\/wp-content\/uploads\/2024\/09\/3.png\" alt=\"Paul Guti\u00e9rrez Ruiz\">\r\n\t\t\t\t\t\t\t<div class=\"wpsm_team_2_member_wrapper_inner\">\r\n\t\t\t\t\t\t\t\t<h3>\r\n\t\t\t\t\t\t\t\t\tPaul Guti\u00e9rrez Ruiz\t\t\t\t\t\t\t\t<\/h3>\r\n\t\t\t\t\t\t\t\t<span class=\"wpsm_team_2_b_desig\"> Tesorero. - Contador en UdeC. - pgutierrez@puentesintergeneracionales.org <\/span> \t\t\t\t\t\t\t\t<div class=\"wpsm_team_2_social_div\">\r\n\t\t\t\t\t\t\t\t\t\t\t\t\t\t\t\t\t\t\t\t\t\t\t\t\t\t\t\t\t\t\t\t\t\t\t\t\t\t\t\t\t\t\t\t<\/div>\r\n\t\t\t\t\t\t\t\t<p class=\"wpsm_team_2_b_desc\"> \u201cPara quienes entregaron todo en su vida, quiero ofrecerles parte de mi tiempo y dedicaci\u00f3n\u201d. \r\n\r\n <\/p> \t\t\t\t\t\t\t\t\r\n\t\t\t\t\t\t\t<\/div>\r\n\t\t\t\t\t\t<\/div>\r\n\t\t\t\t\t<\/div>\r\n\t\t\t\t\t\r\n\t\t\t\t\t\t\t\t\t\t\t<\/div>\r\n\t\t\t\t\t\t<div class=\"wpsm_row\">\r\n\t\t\t\t\t\t\t\t\t\t\t\t\t\r\n\t\t<\/div>\r\n\t<\/div>\r\n\r\n\t<br><\/p>\n\n\n\n\n\n\n<p>\t<!-- wpshopmart team builder wrapper -->\r\n\t<div class=\"wpsm_team_2_b_row\" id=\"wpsm_team_2_b_row_539\">\r\n\t\t<div class=\"wpsm_row\">  \r\n\t\t\t<style>\r\n\t\t\t#wpsm_team_2_b_row_539 .wpsm_team_2_member_wrapper_inner h3{\r\n\t\t\t\tcolor:#000000 !important;\r\n\t\t\t\tfont-size:21px !important;\r\n\t\t\t\tfont-family:Open Sans !important;\r\n\t\t\t}\r\n\t\t\t\r\n\t\t\t#wpsm_team_2_b_row_539 .wpsm_team_2_b_desig{\r\n\t\t\t\tcolor:#000000 !important;\r\n\t\t\t\tfont-size:12px !important;\r\n\t\t\t\tfont-family:Open Sans !important;\r\n\t\t\t}\r\n\t\t\t#wpsm_team_2_b_row_539 .wpsm_team_2_b_desc{\r\n\t\t\t\tcolor:#000000 !important;\r\n\t\t\t\tfont-size:17px !important;\r\n\t\t\t\tfont-family:Open Sans !important;\r\n\t\t\t}\r\n\t\t\t#wpsm_team_2_b_row_539 .wpsm_team_2_social_div a i{\r\n\t\t\t\tcolor:#4f4f4f !important;\r\n\t\t\t\tborder-color:#4f4f4f !important;\r\n\t\t\t}\r\n\t\t\t#wpsm_team_2_b_row_539 .wpsm_team_2_member_wrapper{\r\n\t\t\t\tbackground:#ffffff !important;\r\n\t\t\t}\r\n\t\t\t\t\t\t<\/style>\r\n\t\t\t\t\t\t \r\n\t\t\t\t\t\r\n\t\t\t\t\t\r\n\t\t\t\t\t<div class=\"wpsm_col-md-4 wpsm_col-sm-6  wpsm-col-div\">\r\n\t\t\t\t\t\t<div class=\"wpsm_team_2_member_wrapper\">\r\n\t\t\t\t\t\t\t<img decoding=\"async\" class=\"img-responsive wpsm_team_2_mem_img\" src=\"https:\/\/puentesintergeneracionales.org\/wp\/wp-content\/uploads\/2024\/09\/4.png\" alt=\"Christelle Pierre\">\r\n\t\t\t\t\t\t\t<div class=\"wpsm_team_2_member_wrapper_inner\">\r\n\t\t\t\t\t\t\t\t<h3>\r\n\t\t\t\t\t\t\t\t\tChristelle Pierre\t\t\t\t\t\t\t\t<\/h3>\r\n\t\t\t\t\t\t\t\t<span class=\"wpsm_team_2_b_desig\"> Directora. - Polit\u00f3loga. Profesional de gesti\u00f3n de la internacionalizaci\u00f3n, UdeC. - cpierre@puentesintergeneracionales.org <\/span> \t\t\t\t\t\t\t\t<div class=\"wpsm_team_2_social_div\">\r\n\t\t\t\t\t\t\t\t\t\t\t\t\t\t\t\t\t\t\t\t\t\t\t\t\t\t\t\t\t\t\t\t\t\t\t\t\t\t\t\t\t\t\t\t<\/div>\r\n\t\t\t\t\t\t\t\t<p class=\"wpsm_team_2_b_desc\"> \u201cConstruir una sociedad inclusiva es un desaf\u00edo que une generaciones: los j\u00f3venes son el futuro y el \u00edmpetu y los mayores los cimientos indispensables que aportan experiencia y fortaleza\".\r\n\r\n\r\n <\/p> \t\t\t\t\t\t\t\t\r\n\t\t\t\t\t\t\t<\/div>\r\n\t\t\t\t\t\t<\/div>\r\n\t\t\t\t\t<\/div>\r\n\t\t\t\t\t\r\n\t\t\t\t\t\t\t\t\t\t\t\t\t \r\n\t\t\t\t\t\r\n\t\t\t\t\t\r\n\t\t\t\t\t<div class=\"wpsm_col-md-4 wpsm_col-sm-6  wpsm-col-div\">\r\n\t\t\t\t\t\t<div class=\"wpsm_team_2_member_wrapper\">\r\n\t\t\t\t\t\t\t<img decoding=\"async\" class=\"img-responsive wpsm_team_2_mem_img\" src=\"https:\/\/puentesintergeneracionales.org\/wp\/wp-content\/uploads\/2024\/09\/5.png\" alt=\"Cristi\u00e1n Rubilar Henr\u00edquez\">\r\n\t\t\t\t\t\t\t<div class=\"wpsm_team_2_member_wrapper_inner\">\r\n\t\t\t\t\t\t\t\t<h3>\r\n\t\t\t\t\t\t\t\t\tCristi\u00e1n Rubilar Henr\u00edquez\t\t\t\t\t\t\t\t<\/h3>\r\n\t\t\t\t\t\t\t\t<span class=\"wpsm_team_2_b_desig\"> Director. - Arquitecto. - crubilar@puentesintergeneracionales.org <\/span> \t\t\t\t\t\t\t\t<div class=\"wpsm_team_2_social_div\">\r\n\t\t\t\t\t\t\t\t\t\t\t\t\t\t\t\t\t\t\t\t\t\t\t\t\t\t\t\t\t\t\t\t\t\t\t\t\t\t\t\t\t\t\t\t<\/div>\r\n\t\t\t\t\t\t\t\t<p class=\"wpsm_team_2_b_desc\"> \u201cConvivir con adultos mayores nos abre a un mundo de virtudes que debemos seguir cultivando\u201d. <\/p> \t\t\t\t\t\t\t\t\r\n\t\t\t\t\t\t\t<\/div>\r\n\t\t\t\t\t\t<\/div>\r\n\t\t\t\t\t<\/div>\r\n\t\t\t\t\t\r\n\t\t\t\t\t\t\t\t\t\t\t\t\t \r\n\t\t\t\t\t\r\n\t\t\t\t\t\r\n\t\t\t\t\t<div class=\"wpsm_col-md-4 wpsm_col-sm-6  wpsm-col-div\">\r\n\t\t\t\t\t\t<div class=\"wpsm_team_2_member_wrapper\">\r\n\t\t\t\t\t\t\t<img decoding=\"async\" class=\"img-responsive wpsm_team_2_mem_img\" src=\"https:\/\/puentesintergeneracionales.org\/wp\/wp-content\/uploads\/2024\/09\/6.png\" alt=\"Eduardo Parra Picazo\">\r\n\t\t\t\t\t\t\t<div class=\"wpsm_team_2_member_wrapper_inner\">\r\n\t\t\t\t\t\t\t\t<h3>\r\n\t\t\t\t\t\t\t\t\tEduardo Parra Picazo\t\t\t\t\t\t\t\t<\/h3>\r\n\t\t\t\t\t\t\t\t<span class=\"wpsm_team_2_b_desig\"> Director. - Estudiante. - eparrapicazo@puentesintergeneracionales.org <\/span> \t\t\t\t\t\t\t\t<div class=\"wpsm_team_2_social_div\">\r\n\t\t\t\t\t\t\t\t\t\t\t\t\t\t\t\t\t\t\t\t\t\t\t\t\t\t\t\t\t\t\t\t\t\t\t\t\t\t\t\t\t\t\t\t<\/div>\r\n\t\t\t\t\t\t\t\t<p class=\"wpsm_team_2_b_desc\"> \u201cCuando pienso en las personas mayores me vienen a la cabeza historias entretenidas como las que me contaban mis abuelos\u201d.\r\n\r\n <\/p> \t\t\t\t\t\t\t\t\r\n\t\t\t\t\t\t\t<\/div>\r\n\t\t\t\t\t\t<\/div>\r\n\t\t\t\t\t<\/div>\r\n\t\t\t\t\t\r\n\t\t\t\t\t\t\t\t\t\t\t<\/div>\r\n\t\t\t\t\t\t<div class=\"wpsm_row\">\r\n\t\t\t\t\t\t\t\t\t\t\t\t\t\r\n\t\t<\/div>\r\n\t<\/div>\r\n\r\n\t<br><\/p>\n\n<p>\t<!-- wpshopmart team builder design 1 wrapper -->\r\n\t<div class=\"wpsm_team_1_b_row\" id=\"wpsm_team_1_b_row_530\">\r\n\t\t<div class=\"wpsm_row\">  \r\n\t\t\t<style>\r\n\t\t\t#wpsm_team_1_b_row_530 .wpsm_team_1_member_wrapper_inner h3{\r\n\t\t\t\tcolor:#000000 !important;\r\n\t\t\t\tfont-size:18px !important;\r\n\t\t\t\t\t\t\t\t  font-family:'Open Sans';\r\n\t\t\t\t\t\t\t\t\r\n\t\t\t}\r\n\t\t\t#wpsm_team_1_b_row_530 .wpsm_team_1_name_divider{\r\n\t\t\t\tbackground-color:#000000 !important;\r\n\t\t\t}\r\n\t\t\t#wpsm_team_1_b_row_530 .wpsm_team_1_b_desig{\r\n\t\t\t\tcolor:#000000 !important;\r\n\t\t\t\tfont-size:14px !important;\r\n\t\t\t\t\t\t\t\t   font-family:'Open Sans';\r\n\t\t\t\t\t\t\t}\r\n\t\t\t#wpsm_team_1_b_row_530 .wpsm_team_1_b_desc{\r\n\t\t\t\tcolor:#000000 !important;\r\n\t\t\t\tfont-size:14px !important;\r\n\t\t\t\t\t\t\t\t   font-family:'Open Sans';\r\n\t\t\t\t\t\t\t}\r\n\t\t\t#wpsm_team_1_b_row_530  p{\r\n\t\t\t\tcolor:#000000 !important;\r\n\t\t\t\tfont-size:14px !important;\r\n\t\t\t    \t\t\t\t   font-family:'Open Sans';\r\n\t\t\t\t\t\t\t\t\r\n\t\t\t}\r\n\t\t\t\r\n\t\t\t#wpsm_team_1_b_row_530 .wpsm_team_1_social_div a i{\r\n\t\t\t\tcolor:#4f4f4f !important;\r\n\t\t\t\tbackground:#e5e5e5 !important;\r\n\t\t\t}\r\n\t\t\t\t\t\t\r\n\t\t\t<\/style>\r\n\t\t\t\t\t\t \r\n\t\t\t\t\t<div class=\"wpsm_col-md-3 wpsm_col-sm-6 wpsm-col-div wpsm_single_team\">\r\n\t\t\t\t\t\t<div class=\"wpsm_team_1_member_wrapper\">\r\n\t\t\t\t\t\t\t<img decoding=\"async\" class=\"img-responsive wpsm_team_1_mem_img\" src=\"https:\/\/puentesintergeneracionales.org\/wp\/wp-content\/uploads\/2024\/09\/7.png\" alt=\"Julia Poblete Vinaixa\">\r\n\t\t\t\t\t\t\t<div class=\"wpsm_team_1_member_wrapper_inner\">\r\n\t\t\t\t\t\t\t\t<h3>\r\n\t\t\t\t\t\t\t\t\tJulia Poblete Vinaixa\t\t\t\t\t\t\t\t\t<div class=\"wpsm_team_1_name_divider\"><\/div>\r\n\t\t\t\t\t\t\t\t<\/h3>\r\n\t\t\t\t\t\t\t\t<span class=\"wpsm_team_1_b_desig\"> Colaboradora - Abogada. Docente en UdeC. <\/span> \t\t\t\t\t\t\t\t\t\t\t\t\t\t\t\t<div class=\"wpsm_team_1_social_div\">\r\n\t\t\t\t\t\t\t\t\t\t\t\t\t\t\t\t\t\t\t\t\t\t\t\t\t\t\t\t\t\t\t\t\t\t\t\t\t\t\t\t\t\t\t\t<\/div>\r\n\t\t\t\t\t\t\t<\/div>\r\n\t\t\t\t\t\t<\/div>\r\n\t\t\t\t\t<\/div>\r\n\t\t\t\t\t\t\t\t\t\t\t\t\t \r\n\t\t\t\t\t<div class=\"wpsm_col-md-3 wpsm_col-sm-6 wpsm-col-div wpsm_single_team\">\r\n\t\t\t\t\t\t<div class=\"wpsm_team_1_member_wrapper\">\r\n\t\t\t\t\t\t\t<img decoding=\"async\" class=\"img-responsive wpsm_team_1_mem_img\" src=\"https:\/\/puentesintergeneracionales.org\/wp\/wp-content\/uploads\/2024\/09\/mercedes.png\" alt=\"Mercedes Rueda S\u00e1ez\">\r\n\t\t\t\t\t\t\t<div class=\"wpsm_team_1_member_wrapper_inner\">\r\n\t\t\t\t\t\t\t\t<h3>\r\n\t\t\t\t\t\t\t\t\tMercedes Rueda S\u00e1ez\t\t\t\t\t\t\t\t\t<div class=\"wpsm_team_1_name_divider\"><\/div>\r\n\t\t\t\t\t\t\t\t<\/h3>\r\n\t\t\t\t\t\t\t\t<span class=\"wpsm_team_1_b_desig\"> Colaboradora - Arquitecta. <\/span> \t\t\t\t\t\t\t\t\t\t\t\t\t\t\t\t<div class=\"wpsm_team_1_social_div\">\r\n\t\t\t\t\t\t\t\t\t\t\t\t\t\t\t\t\t\t\t\t\t\t\t\t\t\t\t\t\t\t\t\t\t\t\t\t\t\t\t\t\t\t\t\t<\/div>\r\n\t\t\t\t\t\t\t<\/div>\r\n\t\t\t\t\t\t<\/div>\r\n\t\t\t\t\t<\/div>\r\n\t\t\t\t\t\t\t\t\t\t\t\t\t \r\n\t\t\t\t\t<div class=\"wpsm_col-md-3 wpsm_col-sm-6 wpsm-col-div wpsm_single_team\">\r\n\t\t\t\t\t\t<div class=\"wpsm_team_1_member_wrapper\">\r\n\t\t\t\t\t\t\t<img decoding=\"async\" class=\"img-responsive wpsm_team_1_mem_img\" src=\"https:\/\/puentesintergeneracionales.org\/wp\/wp-content\/uploads\/2024\/09\/9.png\" alt=\"Dominique Abrigo Ib\u00e1\u00f1ez\">\r\n\t\t\t\t\t\t\t<div class=\"wpsm_team_1_member_wrapper_inner\">\r\n\t\t\t\t\t\t\t\t<h3>\r\n\t\t\t\t\t\t\t\t\tDominique Abrigo Ib\u00e1\u00f1ez\t\t\t\t\t\t\t\t\t<div class=\"wpsm_team_1_name_divider\"><\/div>\r\n\t\t\t\t\t\t\t\t<\/h3>\r\n\t\t\t\t\t\t\t\t<span class=\"wpsm_team_1_b_desig\"> Colaboradora - Estudiante. <\/span> \t\t\t\t\t\t\t\t\t\t\t\t\t\t\t\t<div class=\"wpsm_team_1_social_div\">\r\n\t\t\t\t\t\t\t\t\t\t\t\t\t\t\t\t\t\t\t\t\t\t\t\t\t\t\t\t\t\t\t\t\t\t\t\t\t\t\t\t\t\t\t\t<\/div>\r\n\t\t\t\t\t\t\t<\/div>\r\n\t\t\t\t\t\t<\/div>\r\n\t\t\t\t\t<\/div>\r\n\t\t\t\t\t\t\t\t\t\t\t\t\t \r\n\t\t\t\t\t<div class=\"wpsm_col-md-3 wpsm_col-sm-6 wpsm-col-div wpsm_single_team\">\r\n\t\t\t\t\t\t<div class=\"wpsm_team_1_member_wrapper\">\r\n\t\t\t\t\t\t\t<img decoding=\"async\" class=\"img-responsive wpsm_team_1_mem_img\" src=\"https:\/\/puentesintergeneracionales.org\/wp\/wp-content\/uploads\/2024\/09\/10.png\" alt=\"Ram\u00f3n de Aguilar Mart\u00ednez\">\r\n\t\t\t\t\t\t\t<div class=\"wpsm_team_1_member_wrapper_inner\">\r\n\t\t\t\t\t\t\t\t<h3>\r\n\t\t\t\t\t\t\t\t\tRam\u00f3n de Aguilar Mart\u00ednez\t\t\t\t\t\t\t\t\t<div class=\"wpsm_team_1_name_divider\"><\/div>\r\n\t\t\t\t\t\t\t\t<\/h3>\r\n\t\t\t\t\t\t\t\t<span class=\"wpsm_team_1_b_desig\"> Colaborador - Escritor. <\/span> \t\t\t\t\t\t\t\t\t\t\t\t\t\t\t\t<div class=\"wpsm_team_1_social_div\">\r\n\t\t\t\t\t\t\t\t\t\t\t\t\t\t\t\t\t\t\t\t\t\t\t\t\t\t\t\t\t\t\t\t\t\t\t\t\t\t\t\t\t\t\t\t<\/div>\r\n\t\t\t\t\t\t\t<\/div>\r\n\t\t\t\t\t\t<\/div>\r\n\t\t\t\t\t<\/div>\r\n\t\t\t\t\t\t\t\t\t\t\t<\/div>\r\n\t\t\t\t\t\t<div class=\"wpsm_row\">\r\n\t\t\t\t\t\t\t\t\t\t\t\t\t\r\n\t\t<\/div>\r\n\t<\/div><br><\/p>\n\n\n","protected":false},"excerpt":{"rendered":"","protected":false},"author":1,"featured_media":0,"parent":0,"menu_order":0,"comment_status":"closed","ping_status":"closed","template":"","meta":{"pagelayer_contact_templates":[],"_pagelayer_content":"","footnotes":""},"class_list":["post-39","page","type-page","status-publish","hentry"],"_links":{"self":[{"href":"https:\/\/puentesintergeneracionales.org\/wp\/wp-json\/wp\/v2\/pages\/39","targetHints":{"allow":["GET"]}}],"collection":[{"href":"https:\/\/puentesintergeneracionales.org\/wp\/wp-json\/wp\/v2\/pages"}],"about":[{"href":"https:\/\/puentesintergeneracionales.org\/wp\/wp-json\/wp\/v2\/types\/page"}],"author":[{"embeddable":true,"href":"https:\/\/puentesintergeneracionales.org\/wp\/wp-json\/wp\/v2\/users\/1"}],"replies":[{"embeddable":true,"href":"https:\/\/puentesintergeneracionales.org\/wp\/wp-json\/wp\/v2\/comments?post=39"}],"version-history":[{"count":25,"href":"https:\/\/puentesintergeneracionales.org\/wp\/wp-json\/wp\/v2\/pages\/39\/revisions"}],"predecessor-version":[{"id":938,"href":"https:\/\/puentesintergeneracionales.org\/wp\/wp-json\/wp\/v2\/pages\/39\/revisions\/938"}],"wp:attachment":[{"href":"https:\/\/puentesintergeneracionales.org\/wp\/wp-json\/wp\/v2\/media?parent=39"}],"curies":[{"name":"wp","href":"https:\/\/api.w.org\/{rel}","templated":true}]}}