{"id":165,"date":"2024-08-17T02:18:04","date_gmt":"2024-08-17T06:18:04","guid":{"rendered":"https:\/\/puentesintergeneracionales.org\/wp\/?page_id=165"},"modified":"2024-09-22T22:31:37","modified_gmt":"2024-09-23T02:31:37","slug":"colabora","status":"publish","type":"page","link":"https:\/\/puentesintergeneracionales.org\/wp\/colabora\/","title":{"rendered":"Colabora"},"content":{"rendered":"\n\n\n\n<p>Lorem Ipsum has been the industry&#8217;s standard dummy text ever since the 1500s.<\/p>\n\n\n\n\n\n\n<h2>\u00bfC\u00f3mo Ayudarnos?<\/h2>\n\n\n\n<p><span class=\"MsoIntenseReference\" style=\"color: rgb(68, 68, 68); font-size: large; font-family: &quot;Open Sans&quot;;\"> El servicio entregado en los diferentes programas es gratuito. La contribuci\u00f3n de las partes beneficiarias a la mantenci\u00f3n y al desarrollo de los programas y acciones es voluntaria y ser\u00e1 muy bienvenida.<\/span><\/p>\n\n\n\n<div class=\"wp-block-columns is-layout-flex wp-container-core-columns-is-layout-9d6595d7 wp-block-columns-is-layout-flex\">\n<div class=\"wp-block-column is-layout-flow wp-block-column-is-layout-flow\" style=\"flex-basis:100%\">\n<div class=\"wp-block-group\"><div class=\"wp-block-group__inner-container is-layout-constrained wp-block-group-is-layout-constrained\">\n<div class=\"wp-block-columns is-layout-flex wp-container-core-columns-is-layout-9d6595d7 wp-block-columns-is-layout-flex\">\n<div class=\"wp-block-column is-vertically-aligned-stretch is-layout-flow wp-block-column-is-layout-flow\" style=\"flex-basis:100%\"><\/div>\n<\/div>\n<\/div><\/div>\n<\/div>\n<\/div>\n\n<div class=\"wp-block-columns is-layout-flex wp-container-core-columns-is-layout-9d6595d7 wp-block-columns-is-layout-flex\">\n<div class=\"wp-block-column is-layout-flow wp-block-column-is-layout-flow\">\n<div class=\"wp-block-flipbox-block-flipbox flip-box-block\" style=\"height:500px\"><div class=\"flip-box-block-innner\">\n<div class=\"wp-block-flipbox-block-flipbox-front flip-box-block-front\"><div class=\"flip-box-block-front-inner is-layout-flow wp-block-flipbox-block-flipbox-front-is-layout-flow\">\n<p>Lorem Ipsum has been the industry&#8217;s standard dummy text ever since the 1500s.<\/p>\n\n\n\n<h5>Sea parte del voluntariado<\/h5>\n<\/div><\/div>\n\n\n\n<div class=\"wp-block-flipbox-block-flipbox-back flip-box-block-back\"><div class=\"flip-box-block-back-inner is-layout-flow wp-block-flipbox-block-flipbox-back-is-layout-flow\">\n<p class=\"has-text-align-center\">Contar contigo en acciones de log\u00edstica, t\u00e9cnicas o profesionales es fundamental para llegar con servicios gratuitos a las personas mayores<\/p>\n\n\n<\/div><\/div>\n<\/div><\/div>\n<\/div>\n\n\n\n<div class=\"wp-block-column is-layout-flow wp-block-column-is-layout-flow\">\n<div class=\"wp-block-flipbox-block-flipbox flip-box-block\" style=\"height:500px\"><div class=\"flip-box-block-innner\">\n<div class=\"wp-block-flipbox-block-flipbox-front flip-box-block-front\"><div class=\"flip-box-block-front-inner is-layout-flow wp-block-flipbox-block-flipbox-front-is-layout-flow\">\n<p>Lorem Ipsum has been the industry&#8217;s standard dummy text ever since the 1500s.<\/p>\n\n\n\n<h5>Colabore como empresa<\/h5>\n<\/div><\/div>\n\n\n\n<div class=\"wp-block-flipbox-block-flipbox-back flip-box-block-back\"><div class=\"flip-box-block-back-inner is-layout-flow wp-block-flipbox-block-flipbox-back-is-layout-flow\">\n<p>Una empresa puede ayudarnos de varias maneras a trav\u00e9s de una RSE innovadora a construir una sociedad m\u00e1s solidaria y con menos soledad para nuestras personas mayores.<\/p>\n\n\n\n<p>Colabore a trav\u00e9s de una de estas opciones:<\/p>\n\n\n\n<ul class=\"wp-block-list\">\n<li>Apadrine un Programa<\/li>\n\n\n\n<li>Haga una donaci\u00f3n con beneficios fiscales<\/li>\n\n\n\n<li>Implique a trabajadores-as &nbsp;en el voluntariado<\/li>\n\n\n\n<li>Organice un evento solidario en favor de las personas mayores.<\/li>\n<\/ul>\n\n\n<\/div><\/div>\n<\/div><\/div>\n<\/div>\n\n\n\n<div class=\"wp-block-column is-layout-flow wp-block-column-is-layout-flow\">\n<div class=\"wp-block-flipbox-block-flipbox flip-box-block\" style=\"height:500px\"><div class=\"flip-box-block-innner\">\n<div class=\"wp-block-flipbox-block-flipbox-front flip-box-block-front\"><div class=\"flip-box-block-front-inner is-layout-flow wp-block-flipbox-block-flipbox-front-is-layout-flow\">\n<p>Lorem Ipsum has been the industry&#8217;s standard dummy text ever since the 1500s.<\/p>\n\n\n\n<h5>Haga una donaci\u00f3n<\/h5>\n<\/div><\/div>\n\n\n\n<div class=\"wp-block-flipbox-block-flipbox-back flip-box-block-back\"><div class=\"flip-box-block-back-inner is-layout-flow wp-block-flipbox-block-flipbox-back-is-layout-flow\">\n<p class=\"has-text-align-center\">Cualquier contribuci\u00f3n en cualquier momento ser\u00e1 de gran ayuda.<\/p>\n\n\n<\/div><\/div>\n<\/div><\/div>\n<\/div>\n<\/div>\n\n\n\n<p><\/p>\n","protected":false},"excerpt":{"rendered":"","protected":false},"author":1,"featured_media":0,"parent":0,"menu_order":0,"comment_status":"closed","ping_status":"closed","template":"","meta":{"pagelayer_contact_templates":[],"_pagelayer_content":"","footnotes":""},"class_list":["post-165","page","type-page","status-publish","hentry"],"_links":{"self":[{"href":"https:\/\/puentesintergeneracionales.org\/wp\/wp-json\/wp\/v2\/pages\/165","targetHints":{"allow":["GET"]}}],"collection":[{"href":"https:\/\/puentesintergeneracionales.org\/wp\/wp-json\/wp\/v2\/pages"}],"about":[{"href":"https:\/\/puentesintergeneracionales.org\/wp\/wp-json\/wp\/v2\/types\/page"}],"author":[{"embeddable":true,"href":"https:\/\/puentesintergeneracionales.org\/wp\/wp-json\/wp\/v2\/users\/1"}],"replies":[{"embeddable":true,"href":"https:\/\/puentesintergeneracionales.org\/wp\/wp-json\/wp\/v2\/comments?post=165"}],"version-history":[{"count":47,"href":"https:\/\/puentesintergeneracionales.org\/wp\/wp-json\/wp\/v2\/pages\/165\/revisions"}],"predecessor-version":[{"id":934,"href":"https:\/\/puentesintergeneracionales.org\/wp\/wp-json\/wp\/v2\/pages\/165\/revisions\/934"}],"wp:attachment":[{"href":"https:\/\/puentesintergeneracionales.org\/wp\/wp-json\/wp\/v2\/media?parent=165"}],"curies":[{"name":"wp","href":"https:\/\/api.w.org\/{rel}","templated":true}]}}